{"id":1611,"date":"2018-06-07T08:25:32","date_gmt":"2018-06-07T08:25:32","guid":{"rendered":"https:\/\/foton.qodeinteractive.com\/elementor\/?page_id=1611"},"modified":"2021-06-14T10:00:20","modified_gmt":"2021-06-14T13:00:20","slug":"coming-soon","status":"publish","type":"page","link":"https:\/\/adonde.uy\/infobus\/","title":{"rendered":"Coming Soon"},"content":{"rendered":"\t\t<div data-elementor-type=\"wp-page\" data-elementor-id=\"1611\" class=\"elementor elementor-1611\">\n\t\t\t\t\t\t<section class=\"elementor-section elementor-top-section elementor-element elementor-element-daa9ae5 elementor-section-full_width mkdf-disabled-bg-image-bellow-680 elementor-section-content-middle elementor-section-height-default elementor-section-height-default mkdf-parallax-row-no mkdf-row-grid-no\" data-id=\"daa9ae5\" data-element_type=\"section\" data-settings=\"{&quot;background_background&quot;:&quot;classic&quot;}\">\n\t\t\t\t\t\t<div class=\"elementor-container elementor-column-gap-narrow\">\n\t\t\t\t\t<div class=\"elementor-column elementor-col-100 elementor-top-column elementor-element elementor-element-48a90b2\" data-id=\"48a90b2\" data-element_type=\"column\">\n\t\t\t<div class=\"elementor-widget-wrap elementor-element-populated\">\n\t\t\t\t\t\t<div class=\"elementor-element elementor-element-f3da52c elementor-widget elementor-widget-mkdf_elementor_section_title\" data-id=\"f3da52c\" data-element_type=\"widget\" data-widget_type=\"mkdf_elementor_section_title.default\">\n\t\t\t\t<div class=\"elementor-widget-container\">\n\t\t\t\t\t<div class=\"mkdf-section-title-holder  mkdf-st-standard mkdf-st-title-left mkdf-st-normal-space \" style=\"text-align: center\">\n\t<div class=\"mkdf-st-inner\">\n\t\t\t\t\t<h2 class=\"mkdf-st-title\" >\n\t\t\t\tADONDE? InfoBus\t\t\t<\/h2>\n\t\t\t\t\t<\/div>\n<\/div>\t\t\t\t<\/div>\n\t\t\t\t<\/div>\n\t\t\t\t<div class=\"elementor-element elementor-element-bd79319 less-shadow elementor-widget elementor-widget-sidebar\" data-id=\"bd79319\" data-element_type=\"widget\" data-widget_type=\"sidebar.default\">\n\t\t\t\t<div class=\"elementor-widget-container\">\n\t\t\t\t\t<div id=\"text-6\" class=\"widget mkdf-sidearea widget_text\"><div class=\"mkdf-widget-title-holder\"><h5 class=\"mkdf-widget-title\">ADONDE?<\/h5><\/div>\t\t\t<div class=\"textwidget\"><p>\u00bfADONDE? es la aplicaci\u00f3n para todos tus viajes de movilidad urbana y con toda la informaci\u00f3n tur\u00edstica y comercial de tu ciudad. \u00bfADONDE? Permitir\u00e1 a los usuarios encontrar horarios de \u00f3mnibus actualizados, mapas y arribos a tu parada en tiempo real. Ubica las paradas de \u00f3mnibus cercanas, tambi\u00e9n podr\u00e1s abonar tus viajes a trav\u00e9s de la APP, no necesitaras llevar cambio justo ni manejar dinero, protegi\u00e9ndote y cuid\u00e1ndote tanto en seguridad como en sanidad.<\/p>\n<div style=\"margin-top: 36px;\"><\/div>\n<p><a href=\"https:\/\/play.google.com\/store\/apps\/details?id=com.hechoenelsur.adonde\" target=\"_blank\" rel=\"noopener\"><img decoding=\"async\" class=\"aligncenter wp-image-1667 size-full\" style=\"display: inherit; padding: 0px 10px 0 0;\" src=\"http:\/\/adonde.uy\/infobus\/wp-content\/uploads\/2018\/06\/side_img2.png\" alt=\"Facebook\" width=\"140\" height=\"43\" \/><\/a><\/p>\n<\/div>\n\t\t<\/div><div class=\"widget mkdf-separator-widget\"><div class=\"mkdf-separator-holder clearfix  mkdf-separator-center mkdf-separator-normal\">\n\t<div class=\"mkdf-separator\" style=\"border-style: solid;border-bottom-width: 12px;margin-top: 0px;margin-bottom: 0px\"><\/div>\n<\/div>\n<\/div><div id=\"text-7\" class=\"widget mkdf-sidearea widget_text\"><div class=\"mkdf-widget-title-holder\"><h5 class=\"mkdf-widget-title\">Contacto<\/h5><\/div>\t\t\t<div class=\"textwidget\"><div style=\"margin-top: -31px;\"><\/div>\n<\/div>\n\t\t<\/div><div class=\"widget mkdf-separator-widget\"><div class=\"mkdf-separator-holder clearfix  mkdf-separator-center mkdf-separator-normal\">\n\t<div class=\"mkdf-separator\" style=\"border-style: solid;border-bottom-width: 18px;margin-top: 0px;margin-bottom: 0px\"><\/div>\n<\/div>\n<\/div>\n            <a class=\"mkdf-icon-widget-holder mkdf-icon-has-hover\" data-hover-color=\"#ff8a73\" href=\"mailto:info@adonde.uy\" target=\"_blank\" >\n                <span class=\"mkdf-icon-element icon_mail_alt\" style=\"font-size: 16px\"><\/span>                <span class=\"mkdf-icon-text \">info@adonde.uy<\/span>            <\/a>\n            <div class=\"widget mkdf-separator-widget\"><div class=\"mkdf-separator-holder clearfix  mkdf-separator-center mkdf-separator-normal\">\n\t<div class=\"mkdf-separator\" style=\"border-style: solid;border-bottom-width: 10px;margin-top: 0px;margin-bottom: 0px\"><\/div>\n<\/div>\n<\/div><div class=\"widget mkdf-separator-widget\"><div class=\"mkdf-separator-holder clearfix  mkdf-separator-center mkdf-separator-normal\">\n\t<div class=\"mkdf-separator\" style=\"border-style: solid;border-bottom-width: 60px;margin-top: 0px;margin-bottom: 0px\"><\/div>\n<\/div>\n<\/div><div class=\"widget mkdf-social-icons-group-widget mkdf-light-skin mkdf-circle-icons text-align-left\">                                    <a class=\"mkdf-social-icon-widget-holder mkdf-icon-has-hover\" data-hover-color=\"#ff8a73\" style=\"color: #58468c;;font-size: 19px;margin: 0 14px 0 0;\"                       href=\"https:\/\/web.facebook.com\/adonde.com.uy\/\" target=\"_self\">\n                        <span class=\"mkdf-social-icon-widget fab fa-facebook-f\"><\/span>                    <\/a>\n                                                    <a class=\"mkdf-social-icon-widget-holder mkdf-icon-has-hover\" data-hover-color=\"#ff8a73\" style=\"color: #58468c;;font-size: 19px;margin: 0 14px 0 0;\"                       href=\"https:\/\/www.instagram.com\/adonde.uy\/\" target=\"_blank\">\n                        <span class=\"mkdf-social-icon-widget fab fa-instagram\"><\/span>                    <\/a>\n                                                                                <\/div>\t\t\t\t<\/div>\n\t\t\t\t<\/div>\n\t\t\t\t\t<\/div>\n\t\t<\/div>\n\t\t\t\t\t<\/div>\n\t\t<\/section>\n\t\t\t\t<section class=\"elementor-section elementor-top-section elementor-element elementor-element-1107f4e elementor-section-boxed elementor-section-height-default elementor-section-height-default mkdf-parallax-row-no mkdf-row-grid-no mkdf-disabled-bg-image-bellow-no\" data-id=\"1107f4e\" data-element_type=\"section\">\n\t\t\t\t\t\t<div class=\"elementor-container elementor-column-gap-default\">\n\t\t\t\t\t<div class=\"elementor-column elementor-col-100 elementor-top-column elementor-element elementor-element-07a5aef\" data-id=\"07a5aef\" data-element_type=\"column\">\n\t\t\t<div class=\"elementor-widget-wrap\">\n\t\t\t\t\t\t\t<\/div>\n\t\t<\/div>\n\t\t\t\t\t<\/div>\n\t\t<\/section>\n\t\t\t\t<\/div>\n\t\t","protected":false},"excerpt":{"rendered":"<p>ADONDE? InfoBus<\/p>\n","protected":false},"author":1,"featured_media":0,"parent":0,"menu_order":0,"comment_status":"closed","ping_status":"closed","template":"full-width.php","meta":{"footnotes":""},"class_list":["post-1611","page","type-page","status-publish","hentry"],"_links":{"self":[{"href":"https:\/\/adonde.uy\/infobus\/wp-json\/wp\/v2\/pages\/1611","targetHints":{"allow":["GET"]}}],"collection":[{"href":"https:\/\/adonde.uy\/infobus\/wp-json\/wp\/v2\/pages"}],"about":[{"href":"https:\/\/adonde.uy\/infobus\/wp-json\/wp\/v2\/types\/page"}],"author":[{"embeddable":true,"href":"https:\/\/adonde.uy\/infobus\/wp-json\/wp\/v2\/users\/1"}],"replies":[{"embeddable":true,"href":"https:\/\/adonde.uy\/infobus\/wp-json\/wp\/v2\/comments?post=1611"}],"version-history":[{"count":84,"href":"https:\/\/adonde.uy\/infobus\/wp-json\/wp\/v2\/pages\/1611\/revisions"}],"predecessor-version":[{"id":13720,"href":"https:\/\/adonde.uy\/infobus\/wp-json\/wp\/v2\/pages\/1611\/revisions\/13720"}],"wp:attachment":[{"href":"https:\/\/adonde.uy\/infobus\/wp-json\/wp\/v2\/media?parent=1611"}],"curies":[{"name":"wp","href":"https:\/\/api.w.org\/{rel}","templated":true}]}}